{"id":2457,"date":"2025-11-25T10:32:35","date_gmt":"2025-11-25T10:32:35","guid":{"rendered":"https:\/\/www.weezpeer.com\/wordpress\/?page_id=2457"},"modified":"2026-03-02T14:52:00","modified_gmt":"2026-03-02T14:52:00","slug":"come-funziona","status":"publish","type":"page","link":"https:\/\/www.weezpeer.com\/wordpress\/fr\/come-funziona\/","title":{"rendered":"Comment \u00e7a marche"},"content":{"rendered":"<div class=\"wp-block-group alignfull is-layout-constrained wp-block-group-is-layout-constrained\">\n<div style=\"height:100px\" aria-hidden=\"true\" class=\"wp-block-spacer\"><\/div>\n\n\n\n<h2 class=\"wp-block-heading has-x-large-font-size\">Comment fonctionne l'application?<\/h2>\n\n\n\n<p class=\"translation-block\">Bienvenue dans la seule application o\u00f9 l'exploration devient une exp\u00e9rience personnalis\u00e9e, interactive et sociale. WeezPeer combine la profondeur des guides cr\u00e9\u00e9s par des experts avec la libert\u00e9 de la technologie pour vous donner un contr\u00f4le total sur votre prochaine aventure.<\/p>\n\n\n\n<h3 class=\"wp-block-heading\">La Libert\u00e9 du tour (audioguides et acc\u00e8s)<\/h3>\n\n\n\n<p class=\"wp-container-content-69bc4bdf\">Oubliez les horaires fixes et les groupes bond\u00e9s. Avec WeezPeer, l'exp\u00e9rience est la v\u00f4tre, \u00e0 vivre quand et comme vous le souhaitez.<\/p>\n\n\n\n<h3 class=\"wp-block-heading\">Audioguides d'auteur et navigation<\/h3>\n\n\n\n<p class=\"translation-block\">Chaque parcours est une narration \u00e9labor\u00e9e par un concepteur de circuits (tour designer). T\u00e9l\u00e9chargez l'exp\u00e9rience et acc\u00e9dez au guide audio complet et \u00e0 la navigation cartographique. Le guide d\u00e9marre automatiquement lorsque vous atteignez une \u00e9tape.<\/p>\n\n\n\n<h3 class=\"wp-block-heading\">R\u00e9servation flexible<\/h3>\n\n\n\n<p>Choisissez votre aventure, r\u00e9servez-la directement dans l'application et g\u00e9rez-la facilement. L'exp\u00e9rience est \u00e0 votre disposition \u00e0 tout moment apr\u00e8s la r\u00e9servation.<\/p>\n\n\n\n<h3 class=\"wp-block-heading\">\"Autour de moi\" Instantan\u00e9<\/h3>\n\n\n\n<p>Ouvrez l'application et d\u00e9couvrez imm\u00e9diatement les itin\u00e9raires et les \u00e9v\u00e9nements actifs dans votre voisinage imm\u00e9diat. La d\u00e9couverte spontan\u00e9e n'a jamais \u00e9t\u00e9 aussi facile.<\/p>\n<\/div>\n\n\n\n<div class=\"wp-block-cover alignfull has-parallax\" style=\"min-height:100vh;aspect-ratio:unset;\"><div class=\"wp-block-cover__image-background wp-image-2460 size-full has-parallax\" style=\"background-position:50% 50%;background-image:url(https:\/\/www.weezpeer.com\/wordpress\/wp-content\/uploads\/2025\/11\/ATTIVITA-Sito-web.png)\"><\/div><span aria-hidden=\"true\" class=\"wp-block-cover__background has-ast-global-color-6-background-color has-background-dim-20 has-background-dim\"><\/span><div class=\"wp-block-cover__inner-container is-layout-constrained wp-block-cover-is-layout-constrained\">\n<p class=\"has-text-align-center has-large-font-size\"><\/p>\n<\/div><\/div>\n\n\n\n<div class=\"wp-block-group alignfull has-ast-global-color-4-background-color has-text-color has-background has-link-color wp-elements-5abd0e9db221db39f81d1b827ebfa6d0 is-layout-constrained wp-block-group-is-layout-constrained\" style=\"color:#0c5a4c\">\n<h3 class=\"wp-block-heading has-text-color has-link-color wp-elements-90cd889ae25f6813aa8494c09d86394a\" style=\"color:#0c5a4c\">Le c\u0153ur interactif : jeux et gameplay<\/h3>\n\n\n\n<p>Nous avons int\u00e9gr\u00e9 le plaisir interactif \u00e0 votre parcours, transformant la simple marche en un v\u00e9ritable d\u00e9fi de d\u00e9couverte.<\/p>\n\n\n\n<h3 class=\"wp-block-heading has-text-color has-link-color wp-elements-289f29a056434429bec1b56f700eefc4\" style=\"color:#0c5a4c\">Jeux d'Exp\u00e9rience<\/h3>\n\n\n\n<p>D\u00e9verrouillez le c\u00f4t\u00e9 ludique de votre aventure. Ces jeux sont accessibles d\u00e8s le d\u00e9but, apr\u00e8s la r\u00e9servation, et vous permettent d'interagir avec le contenu du tour, ajoutant un niveau d'engagement suppl\u00e9mentaire.<\/p>\n\n\n\n<h3 class=\"wp-block-heading has-text-color has-link-color wp-elements-a615224b98ac8739d99d9afaa92b2e23\" style=\"color:#0c5a4c\">Jeux d'\u00c9tape (bas\u00e9s sur la localisation)<\/h3>\n\n\n\n<p class=\"translation-block\">L'action commence \u00e0 votre arriv\u00e9e. Des d\u00e9fis, des quiz et du contenu exclusif sont activ\u00e9s uniquement au moment exact o\u00f9 vous atteignez l'\u00e9tape physique sur le parcours. C'est la mani\u00e8re la plus engageante d'interagir avec le lieu que vous explorez.<\/p>\n<\/div>\n\n\n\n<div class=\"wp-block-group alignfull is-layout-constrained wp-block-group-is-layout-constrained\">\n<h3 class=\"wp-block-heading\">L'Interface pens\u00e9e pour l'efficacit\u00e9<\/h3>\n\n\n\n<p>La nouvelle interface a \u00e9t\u00e9 optimis\u00e9e pour vous aider \u00e0 trouver ce que vous cherchez en un instant et vous tenir toujours inform\u00e9.<\/p>\n\n\n\n<h3 class=\"wp-block-heading\">Page d'Accueil rapide et organis\u00e9e<\/h3>\n\n\n\n<p>La nouvelle disposition des boutons et du contenu vous offre une vision claire. Acc\u00e9dez instantan\u00e9ment \u00e0 \"autour de moi\", affichez clairement les \u00e9v\u00e9nements en vedette et n'oubliez jamais vos exp\u00e9riences r\u00e9serv\u00e9es. <strong>Esperienze prenotate<\/strong>.<\/p>\n\n\n\n<h3 class=\"wp-block-heading\">Notifications Directes<\/h3>\n\n\n\n<p>Restez inform\u00e9 en temps r\u00e9el des nouveaut\u00e9s de la communaut\u00e9, des nouveaux concepteurs, des sorties de parcours exclusifs et des offres sp\u00e9ciales de weezpeer.<\/p>\n<\/div>\n\n\n\n<div class=\"wp-block-cover alignfull has-parallax\" style=\"min-height:100vh;aspect-ratio:unset;\"><div class=\"wp-block-cover__image-background wp-image-2463 size-full has-parallax\" style=\"background-position:50% 50%;background-image:url(https:\/\/www.weezpeer.com\/wordpress\/wp-content\/uploads\/2025\/11\/ATTIVITA-Sito-web-1.png)\"><\/div><span aria-hidden=\"true\" class=\"wp-block-cover__background has-ast-global-color-6-background-color has-background-dim-30 has-background-dim\"><\/span><div class=\"wp-block-cover__inner-container is-layout-constrained wp-block-cover-is-layout-constrained\">\n<p class=\"has-text-align-center has-large-font-size\"><\/p>\n<\/div><\/div>\n\n\n\n<div class=\"wp-block-group alignfull has-ast-global-color-4-background-color has-text-color has-background has-link-color wp-elements-a709cfbae99cc79ed52b18022a69d509 is-layout-constrained wp-block-group-is-layout-constrained\" style=\"color:#0c5a4c\">\n<h3 class=\"wp-block-heading has-text-color has-link-color wp-elements-859aff264aeffa55a3dba162e630e44c\" style=\"color:#0c5a4c\">La communaut\u00e9 : la valeur ajout\u00e9e des concepteurs de circuits<\/h3>\n\n\n\n<p class=\"translation-block\">WeezPeer est une plateforme peer-to-peer. La valeur de chaque exp\u00e9rience est garantie par la passion et la connaissance de nos cr\u00e9ateurs.<\/p>\n\n\n\n<h3 class=\"wp-block-heading has-text-color has-link-color wp-elements-263f126c355645a2bf799483e39cb669\" style=\"color:#0c5a4c\">L'expertise du concepteur de circuits<\/h3>\n\n\n\n<p>Chaque parcours est cr\u00e9\u00e9, test\u00e9 et narr\u00e9 par un concepteur poss\u00e9dant une connaissance approfondie de la r\u00e9gion, vous garantissant des perspectives uniques et un contenu de haute qualit\u00e9 que vous ne trouverez pas dans les guides traditionnels.<\/p>\n\n\n\n<h3 class=\"wp-block-heading has-text-color has-link-color wp-elements-d3e17bc8bcade8126aaf2d767530913d\" style=\"color:#0c5a4c\">Avantages exclusifs : bons de r\u00e9duction<\/h3>\n\n\n\n<p>Nos concepteurs de circuits sont votre canal direct pour les \u00e9conomies. En restant en contact avec eux et en suivant leurs activit\u00e9s, vous pourriez recevoir des bons de r\u00e9duction exclusifs \u00e0 utiliser pour l'achat de leurs exp\u00e9riences. <strong>Buoni Sconto Esclusivi<\/strong> da utilizzare per l&#8217;acquisto delle loro Esperienze.<\/p>\n\n\n\n<h3 class=\"wp-block-heading has-text-color has-link-color wp-elements-9c7c2f58f59563bbf36ca2a6d0af966e\" style=\"color:#0c5a4c\">Partage et bouche-\u00e0-oreille<\/h3>\n\n\n\n<p>Le succ\u00e8s est fait pour \u00eatre partag\u00e9! Nous avons am\u00e9lior\u00e9 la fonction de partage social: un simple toucher vous permet de publier l'exp\u00e9rience que vous avez aim\u00e9e ou l'\u00e9tape unique qui vous a le plus marqu\u00e9.<\/p>\n<\/div>","protected":false},"excerpt":{"rendered":"<p>Come funziona l&#8217;app? Benvenuti nell&#8217;unica app dove l&#8217;esplorazione diventa un&#8217;Esperienza personalizzata, interattiva e social. WeezPeer unisce la profondit\u00e0 delle guide [&hellip;]<\/p>\n","protected":false},"author":1,"featured_media":0,"parent":0,"menu_order":0,"comment_status":"closed","ping_status":"closed","template":"","meta":{"site-sidebar-layout":"default","site-content-layout":"","ast-site-content-layout":"","site-content-style":"default","site-sidebar-style":"default","ast-global-header-display":"","ast-banner-title-visibility":"","ast-main-header-display":"","ast-hfb-above-header-display":"","ast-hfb-below-header-display":"","ast-hfb-mobile-header-display":"","site-post-title":"disabled","ast-breadcrumbs-content":"","ast-featured-img":"","footer-sml-layout":"","theme-transparent-header-meta":"","adv-header-id-meta":"","stick-header-meta":"","header-above-stick-meta":"","header-main-stick-meta":"","header-below-stick-meta":"","astra-migrate-meta-layouts":"default","ast-page-background-enabled":"default","ast-page-background-meta":{"desktop":{"background-color":"var(--ast-global-color-5)","background-image":"","background-repeat":"repeat","background-position":"center center","background-size":"auto","background-attachment":"scroll","background-type":"","background-media":"","overlay-type":"","overlay-color":"","overlay-opacity":"","overlay-gradient":""},"tablet":{"background-color":"","background-image":"","background-repeat":"repeat","background-position":"center center","background-size":"auto","background-attachment":"scroll","background-type":"","background-media":"","overlay-type":"","overlay-color":"","overlay-opacity":"","overlay-gradient":""},"mobile":{"background-color":"","background-image":"","background-repeat":"repeat","background-position":"center center","background-size":"auto","background-attachment":"scroll","background-type":"","background-media":"","overlay-type":"","overlay-color":"","overlay-opacity":"","overlay-gradient":""}},"ast-content-background-meta":{"desktop":{"background-color":"var(--ast-global-color-4)","background-image":"","background-repeat":"repeat","background-position":"center center","background-size":"auto","background-attachment":"scroll","background-type":"","background-media":"","overlay-type":"","overlay-color":"","overlay-opacity":"","overlay-gradient":""},"tablet":{"background-color":"var(--ast-global-color-4)","background-image":"","background-repeat":"repeat","background-position":"center center","background-size":"auto","background-attachment":"scroll","background-type":"","background-media":"","overlay-type":"","overlay-color":"","overlay-opacity":"","overlay-gradient":""},"mobile":{"background-color":"var(--ast-global-color-4)","background-image":"","background-repeat":"repeat","background-position":"center center","background-size":"auto","background-attachment":"scroll","background-type":"","background-media":"","overlay-type":"","overlay-color":"","overlay-opacity":"","overlay-gradient":""}},"footnotes":""},"class_list":["post-2457","page","type-page","status-publish","hentry"],"yoast_head":"<!-- This site is optimized with the Yoast SEO plugin v27.5 - https:\/\/yoast.com\/product\/yoast-seo-wordpress\/ -->\n<title>Come funziona - WeezPeer<\/title>\n<meta name=\"robots\" content=\"index, follow, max-snippet:-1, max-image-preview:large, max-video-preview:-1\" \/>\n<link rel=\"canonical\" href=\"https:\/\/www.weezpeer.com\/wordpress\/fr\/come-funziona\/\" \/>\n<meta property=\"og:locale\" content=\"fr_FR\" \/>\n<meta property=\"og:type\" content=\"article\" \/>\n<meta property=\"og:title\" content=\"Come funziona - WeezPeer\" \/>\n<meta property=\"og:description\" content=\"Come funziona l&#8217;app? Benvenuti nell&#8217;unica app dove l&#8217;esplorazione diventa un&#8217;Esperienza personalizzata, interattiva e social. WeezPeer unisce la profondit\u00e0 delle guide [&hellip;]\" \/>\n<meta property=\"og:url\" content=\"https:\/\/www.weezpeer.com\/wordpress\/fr\/come-funziona\/\" \/>\n<meta property=\"og:site_name\" content=\"WeezPeer\" \/>\n<meta property=\"article:modified_time\" content=\"2026-03-02T14:52:00+00:00\" \/>\n<meta name=\"twitter:card\" content=\"summary_large_image\" \/>\n<meta name=\"twitter:label1\" content=\"Dur\u00e9e de lecture estim\u00e9e\" \/>\n\t<meta name=\"twitter:data1\" content=\"3 minutes\" \/>\n<script type=\"application\/ld+json\" class=\"yoast-schema-graph\">{\"@context\":\"https:\\\/\\\/schema.org\",\"@graph\":[{\"@type\":\"WebPage\",\"@id\":\"https:\\\/\\\/www.weezpeer.com\\\/wordpress\\\/come-funziona\\\/\",\"url\":\"https:\\\/\\\/www.weezpeer.com\\\/wordpress\\\/come-funziona\\\/\",\"name\":\"Come funziona - WeezPeer\",\"isPartOf\":{\"@id\":\"https:\\\/\\\/www.weezpeer.com\\\/wordpress\\\/#website\"},\"datePublished\":\"2025-11-25T10:32:35+00:00\",\"dateModified\":\"2026-03-02T14:52:00+00:00\",\"breadcrumb\":{\"@id\":\"https:\\\/\\\/www.weezpeer.com\\\/wordpress\\\/come-funziona\\\/#breadcrumb\"},\"inLanguage\":\"fr-FR\",\"potentialAction\":[{\"@type\":\"ReadAction\",\"target\":[\"https:\\\/\\\/www.weezpeer.com\\\/wordpress\\\/come-funziona\\\/\"]}]},{\"@type\":\"BreadcrumbList\",\"@id\":\"https:\\\/\\\/www.weezpeer.com\\\/wordpress\\\/come-funziona\\\/#breadcrumb\",\"itemListElement\":[{\"@type\":\"ListItem\",\"position\":1,\"name\":\"Home\",\"item\":\"https:\\\/\\\/www.weezpeer.com\\\/wordpress\\\/\"},{\"@type\":\"ListItem\",\"position\":2,\"name\":\"Come funziona\"}]},{\"@type\":\"WebSite\",\"@id\":\"https:\\\/\\\/www.weezpeer.com\\\/wordpress\\\/#website\",\"url\":\"https:\\\/\\\/www.weezpeer.com\\\/wordpress\\\/\",\"name\":\"WeezPeer\",\"description\":\"\",\"publisher\":{\"@id\":\"https:\\\/\\\/www.weezpeer.com\\\/wordpress\\\/#organization\"},\"potentialAction\":[{\"@type\":\"SearchAction\",\"target\":{\"@type\":\"EntryPoint\",\"urlTemplate\":\"https:\\\/\\\/www.weezpeer.com\\\/wordpress\\\/?s={search_term_string}\"},\"query-input\":{\"@type\":\"PropertyValueSpecification\",\"valueRequired\":true,\"valueName\":\"search_term_string\"}}],\"inLanguage\":\"fr-FR\"},{\"@type\":\"Organization\",\"@id\":\"https:\\\/\\\/www.weezpeer.com\\\/wordpress\\\/#organization\",\"name\":\"WeezPeer\",\"url\":\"https:\\\/\\\/www.weezpeer.com\\\/wordpress\\\/\",\"logo\":{\"@type\":\"ImageObject\",\"inLanguage\":\"fr-FR\",\"@id\":\"https:\\\/\\\/www.weezpeer.com\\\/wordpress\\\/#\\\/schema\\\/logo\\\/image\\\/\",\"url\":\"https:\\\/\\\/www.weezpeer.com\\\/wordpress\\\/wp-content\\\/uploads\\\/2025\\\/03\\\/logo_weeszpeer-scaled.png\",\"contentUrl\":\"https:\\\/\\\/www.weezpeer.com\\\/wordpress\\\/wp-content\\\/uploads\\\/2025\\\/03\\\/logo_weeszpeer-scaled.png\",\"width\":2560,\"height\":2463,\"caption\":\"WeezPeer\"},\"image\":{\"@id\":\"https:\\\/\\\/www.weezpeer.com\\\/wordpress\\\/#\\\/schema\\\/logo\\\/image\\\/\"}}]}<\/script>\n<!-- \/ Yoast SEO plugin. -->","yoast_head_json":{"title":"Come funziona - WeezPeer","robots":{"index":"index","follow":"follow","max-snippet":"max-snippet:-1","max-image-preview":"max-image-preview:large","max-video-preview":"max-video-preview:-1"},"canonical":"https:\/\/www.weezpeer.com\/wordpress\/fr\/come-funziona\/","og_locale":"fr_FR","og_type":"article","og_title":"Come funziona - WeezPeer","og_description":"Come funziona l&#8217;app? Benvenuti nell&#8217;unica app dove l&#8217;esplorazione diventa un&#8217;Esperienza personalizzata, interattiva e social. WeezPeer unisce la profondit\u00e0 delle guide [&hellip;]","og_url":"https:\/\/www.weezpeer.com\/wordpress\/fr\/come-funziona\/","og_site_name":"WeezPeer","article_modified_time":"2026-03-02T14:52:00+00:00","twitter_card":"summary_large_image","twitter_misc":{"Dur\u00e9e de lecture estim\u00e9e":"3 minutes"},"schema":{"@context":"https:\/\/schema.org","@graph":[{"@type":"WebPage","@id":"https:\/\/www.weezpeer.com\/wordpress\/come-funziona\/","url":"https:\/\/www.weezpeer.com\/wordpress\/come-funziona\/","name":"Come funziona - WeezPeer","isPartOf":{"@id":"https:\/\/www.weezpeer.com\/wordpress\/#website"},"datePublished":"2025-11-25T10:32:35+00:00","dateModified":"2026-03-02T14:52:00+00:00","breadcrumb":{"@id":"https:\/\/www.weezpeer.com\/wordpress\/come-funziona\/#breadcrumb"},"inLanguage":"fr-FR","potentialAction":[{"@type":"ReadAction","target":["https:\/\/www.weezpeer.com\/wordpress\/come-funziona\/"]}]},{"@type":"BreadcrumbList","@id":"https:\/\/www.weezpeer.com\/wordpress\/come-funziona\/#breadcrumb","itemListElement":[{"@type":"ListItem","position":1,"name":"Home","item":"https:\/\/www.weezpeer.com\/wordpress\/"},{"@type":"ListItem","position":2,"name":"Come funziona"}]},{"@type":"WebSite","@id":"https:\/\/www.weezpeer.com\/wordpress\/#website","url":"https:\/\/www.weezpeer.com\/wordpress\/","name":"WeezPeer","description":"","publisher":{"@id":"https:\/\/www.weezpeer.com\/wordpress\/#organization"},"potentialAction":[{"@type":"SearchAction","target":{"@type":"EntryPoint","urlTemplate":"https:\/\/www.weezpeer.com\/wordpress\/?s={search_term_string}"},"query-input":{"@type":"PropertyValueSpecification","valueRequired":true,"valueName":"search_term_string"}}],"inLanguage":"fr-FR"},{"@type":"Organization","@id":"https:\/\/www.weezpeer.com\/wordpress\/#organization","name":"WeezPeer","url":"https:\/\/www.weezpeer.com\/wordpress\/","logo":{"@type":"ImageObject","inLanguage":"fr-FR","@id":"https:\/\/www.weezpeer.com\/wordpress\/#\/schema\/logo\/image\/","url":"https:\/\/www.weezpeer.com\/wordpress\/wp-content\/uploads\/2025\/03\/logo_weeszpeer-scaled.png","contentUrl":"https:\/\/www.weezpeer.com\/wordpress\/wp-content\/uploads\/2025\/03\/logo_weeszpeer-scaled.png","width":2560,"height":2463,"caption":"WeezPeer"},"image":{"@id":"https:\/\/www.weezpeer.com\/wordpress\/#\/schema\/logo\/image\/"}}]}},"jetpack_sharing_enabled":true,"_links":{"self":[{"href":"https:\/\/www.weezpeer.com\/wordpress\/fr\/wp-json\/wp\/v2\/pages\/2457","targetHints":{"allow":["GET"]}}],"collection":[{"href":"https:\/\/www.weezpeer.com\/wordpress\/fr\/wp-json\/wp\/v2\/pages"}],"about":[{"href":"https:\/\/www.weezpeer.com\/wordpress\/fr\/wp-json\/wp\/v2\/types\/page"}],"author":[{"embeddable":true,"href":"https:\/\/www.weezpeer.com\/wordpress\/fr\/wp-json\/wp\/v2\/users\/1"}],"replies":[{"embeddable":true,"href":"https:\/\/www.weezpeer.com\/wordpress\/fr\/wp-json\/wp\/v2\/comments?post=2457"}],"version-history":[{"count":4,"href":"https:\/\/www.weezpeer.com\/wordpress\/fr\/wp-json\/wp\/v2\/pages\/2457\/revisions"}],"predecessor-version":[{"id":2475,"href":"https:\/\/www.weezpeer.com\/wordpress\/fr\/wp-json\/wp\/v2\/pages\/2457\/revisions\/2475"}],"wp:attachment":[{"href":"https:\/\/www.weezpeer.com\/wordpress\/fr\/wp-json\/wp\/v2\/media?parent=2457"}],"curies":[{"name":"wp","href":"https:\/\/api.w.org\/{rel}","templated":true}]}}